{"id":33,"date":"2024-07-01T11:17:59","date_gmt":"2024-07-01T11:17:59","guid":{"rendered":"https:\/\/dentistrykazakhstan.kz\/?page_id=33"},"modified":"2026-02-20T11:55:56","modified_gmt":"2026-02-20T11:55:56","slug":"%d1%80%d0%b5%d0%b4%d0%b0%d0%ba%d1%86%d0%b8%d0%be%d0%bd%d0%bd%d1%8b%d0%b9-%d1%81%d0%be%d0%b2%d0%b5%d1%82","status":"publish","type":"page","link":"https:\/\/dentistrykazakhstan.kz\/en\/%d1%80%d0%b5%d0%b4%d0%b0%d0%ba%d1%86%d0%b8%d0%be%d0%bd%d0%bd%d1%8b%d0%b9-%d1%81%d0%be%d0%b2%d0%b5%d1%82\/","title":{"rendered":"Editorial Board of the Journal \u201cDentist Kazakhstan\u201d"},"content":{"rendered":"<h2>Editor-in-Chief<\/h2>\n<p><strong>Dana Seytenovna Ospanova, MD, MBA<\/strong> \u2013 President of the Kazakhstan Dental Association; Director of LLC &#8220;UKC Stomatology&#8221;; Director of the Educational and Clinical Enterprise \u201cDaris-TTE\u201d; Director of LLC \u201cOrbita-Dent\u201d, Almaty, Kazakhstan.<\/p>\n<h2>Scientific Editor<\/h2>\n<p><strong>Mayra Taitoleuovna Kopbayeva, MD, Professor<\/strong> \u2013 Chairperson of the Board of the Kazakhstan Dental Association; Professor, Department of Orthodontics, Asfendiyarov Kazakh National Medical University, Almaty, Kazakhstan. H-index: 2.<\/p>\n<h2><\/h2>\n<h2>Editorial Board<\/h2>\n<p><strong>Kubeisin Duisenbayevich Altynbekov, MD, Professor<\/strong> \u2013 Head of the Department of Prosthetic Dentistry; Acting Dean, School of Dentistry, Asfendiyarov Kazakh National Medical University, Almaty, Kazakhstan. H-index: 3.<\/p>\n<p><strong>Aizamat Turashevich Baigulakov, PhD, Assistant Professor<\/strong> \u2013 School of Dentistry, Karaganda Medical University; Director, \u201cStoma na Vostoke\u201d Dental Clinics, Karaganda, Kazakhstan. H-index: 1.<\/p>\n<p><strong>Bolat Bimendeyevich Baymakhanov, MD, Professor<\/strong> \u2013 Chairman of the Board, National Scientific Center of Surgery named after A.N. Syzganov, Almaty, Kazakhstan. H-index: 4.<\/p>\n<p><strong>Basymbek Perdebekovich Dilbarkhanov, PhD, Associate Professor<\/strong> \u2013 Department of Surgical and Therapeutic Dentistry, Astana Medical University; Chief Doctor, \u201cAltyn\u201d Dental Clinic, Astana, Kazakhstan. H-index: 3.<\/p>\n<p><strong>Bakhyt Sekerbekovna Zhanalina, MD, Professor<\/strong> \u2013 Department of Dental Disciplines with Maxillofacial Surgery, West Kazakhstan Medical University named after M. Ospanov, Aktobe, Kazakhstan.<\/p>\n<p><strong>Serik Sabitovich Zholdybayev, MD, Professor<\/strong> \u2013 Department of Therapeutic Dentistry, Asfendiyarov Kazakh National Medical University, Almaty, Kazakhstan.<\/p>\n<p><strong>Saule Shaikenovna Isenova, MD<\/strong> \u2013 Head of the Department of Obstetrics and Gynecology with Clinical Genetics Course, Asfendiyarov Kazakh National Medical University, Almaty, Kazakhstan. H-index: 5.<\/p>\n<p><strong>Maksut Adilkhanovich Kamaliev, MD, Professor<\/strong> \u2013 Head of the Department of Health Management, Kazakhstan Medical University \u201cHigher School of Public Health\u201d, Almaty, Kazakhstan. H-index: 2.<\/p>\n<p><strong>Yuliya Aleksandrovna Menchisheva, PhD<\/strong> \u2013 Head of the Department of Surgical Dentistry, Asfendiyarov Kazakh National Medical University, Almaty, Kazakhstan. H-index: 3.<\/p>\n<p><strong>Saurbek Ruzuddinovich Ruzuddinov, MD, Professor<\/strong> \u2013 Almaty, Kazakhstan. H-index: 1.<\/p>\n<p><strong>Zhanar Gabitovna Tankibayeva, Candidate of Medical Sciences, Professor<\/strong> \u2013 School of Dentistry, Karaganda Medical University, Karaganda, Kazakhstan.<\/p>\n<p><strong>Maksut Abuovich Temirbayev, MD, Professor<\/strong> \u2013 Head of the Department of Clinical Specialties, Al-Farabi Kazakh National University, Almaty, Kazakhstan.<\/p>\n<p><strong>Ildar Rafisovich Fakhradiyev, PhD<\/strong> \u2013 Vice-Rector, Asfendiyarov Kazakh National Medical University, Almaty, Kazakhstan. H-index: 30.<\/p>\n<p><strong>Madina Akdauletovna Kurmanalina, PhD, Associate Professor<\/strong> \u2013 Department of Dental Disciplines with Maxillofacial Surgery, West Kazakhstan Medical University, Aktobe, Kazakhstan. H-index: 4.<\/p>\n<h2><\/h2>\n<h2>International Editorial Board<\/h2>\n<p><strong>Malkan Abdrashidovna Amkhadova, MD, Professor<\/strong> \u2013 Head of the Department of Surgical Dentistry and Implantology, Moscow Regional Research Clinical Institute named after M.F. Vladimirsky, Moscow, Russia. H-index: 2.<\/p>\n<p><strong>Olga Yesenovna Bekzhanova, MD, Professor<\/strong> \u2013 Head of the Department of Faculty Therapeutic Dentistry, Tashkent State Medical University, Tashkent, Uzbekistan. H-index: 1.<\/p>\n<p><strong>Fatma Pertek Hatipo\u011flu, PhD, Assistant Professor<\/strong> \u2013 Department of Endodontics, Ni\u011fde \u00d6mer Halisdemir University, Ni\u011fde, Turkey. H-index: 10.<\/p>\n<p><strong>\u00d6mer Hatipo\u011flu, MSc, Associate Professor<\/strong> \u2013 Department of Restorative Dentistry, Ni\u011fde \u00d6mer Halisdemir University; Editor-in-Chief, Journal of Endodontics and Restorative Dentistry, Ni\u011fde, Turkey. H-index: 18.<\/p>\n<p><strong>Lydia Katrova, DDM, MPH, Professor<\/strong> \u2013 Expert in Public Health, Medical\/Dental Education, Social Medicine and Medical Ethics, Sofia, Bulgaria. H-index: 5.<\/p>\n<p><strong>Katarzyna Brus-Sawczuk, dr n. med., Adjunct Professor \u2013<\/strong> Medical University of Warsaw, Warsaw, Poland. H-index: 3.<\/p>\n<p><strong>Olga Sergeevna Gileva, MD, Professor<\/strong> \u2013 Head of the Department of Therapeutic Dentistry and Propaedeutics of Dental Diseases, Perm State Medical University named after E.A. Wagner, Perm, Russia.<\/p>\n<p><strong>Jasur Alimdzhanovich Rizaev, MD, Professor<\/strong> \u2013 Rector of Samarkand State Medical University, Samarkand, Uzbekistan. H-index: 10.<\/p>\n<p><strong>Natalia Vyacheslavovna Shakovets, MD, Professor<\/strong> \u2013 Head of the Department of Pediatric Dentistry, Belarusian State Medical University, Minsk, Belarus. H-index: 6.<\/p>\n<p><strong>Aziz Saydalimovich Kubaev, MD, Professor<\/strong> \u2013 Vice-Rector for Science and Innovation, Samarkand State Medical University, Samarkand, Uzbekistan. H-index: 7.<\/p>\n<p><strong>Oleg Valentinovich Solomon, MD, Professor<\/strong> \u2013 Head of the Department of Prosthetic Dentistry named after A.I. Postolaki, Nicolae Testemitanu State University of Medicine and Pharmacy, Chisinau, Moldova. H-index: 4.<\/p>\n<p><strong>Rena Qurban-kizi Aliyeva, MD, Professor<\/strong> \u2013 President of the Azerbaijan Dental Association; Head of the Department of Pediatric Dentistry, Azerbaijan Medical University, Baku, Azerbaijan; Honored Scientist. H-index: 1.<\/p>\n<p>The composition of the Editorial Board complies with COPE and ICMJE ethical standards.<\/p>\n<div class=\"pvc_clear\"><\/div>\n<p id=\"pvc_stats_33\" class=\"pvc_stats all  \" data-element-id=\"33\" style=\"\"><i class=\"pvc-stats-icon medium\" aria-hidden=\"true\"><svg aria-hidden=\"true\" focusable=\"false\" data-prefix=\"far\" data-icon=\"chart-bar\" role=\"img\" xmlns=\"http:\/\/www.w3.org\/2000\/svg\" viewBox=\"0 0 512 512\" class=\"svg-inline--fa fa-chart-bar fa-w-16 fa-2x\"><path fill=\"currentColor\" d=\"M396.8 352h22.4c6.4 0 12.8-6.4 12.8-12.8V108.8c0-6.4-6.4-12.8-12.8-12.8h-22.4c-6.4 0-12.8 6.4-12.8 12.8v230.4c0 6.4 6.4 12.8 12.8 12.8zm-192 0h22.4c6.4 0 12.8-6.4 12.8-12.8V140.8c0-6.4-6.4-12.8-12.8-12.8h-22.4c-6.4 0-12.8 6.4-12.8 12.8v198.4c0 6.4 6.4 12.8 12.8 12.8zm96 0h22.4c6.4 0 12.8-6.4 12.8-12.8V204.8c0-6.4-6.4-12.8-12.8-12.8h-22.4c-6.4 0-12.8 6.4-12.8 12.8v134.4c0 6.4 6.4 12.8 12.8 12.8zM496 400H48V80c0-8.84-7.16-16-16-16H16C7.16 64 0 71.16 0 80v336c0 17.67 14.33 32 32 32h464c8.84 0 16-7.16 16-16v-16c0-8.84-7.16-16-16-16zm-387.2-48h22.4c6.4 0 12.8-6.4 12.8-12.8v-70.4c0-6.4-6.4-12.8-12.8-12.8h-22.4c-6.4 0-12.8 6.4-12.8 12.8v70.4c0 6.4 6.4 12.8 12.8 12.8z\" class=\"\"><\/path><\/svg><\/i> <img loading=\"lazy\" decoding=\"async\" width=\"16\" height=\"16\" alt=\"Loading\" src=\"https:\/\/dentistrykazakhstan.kz\/wp-content\/plugins\/page-views-count\/ajax-loader-2x.gif\" border=0 \/><\/p>\n<div class=\"pvc_clear\"><\/div>\n","protected":false},"excerpt":{"rendered":"<p>Editor-in-Chief Dana Seytenovna Ospanova, MD, MBA \u2013 President of the Kazakhstan Dental Association; Director of LLC &#8220;UKC Stomatology&#8221;; Director of the Educational and Clinical Enterprise<\/p>\n<div class=\"pvc_clear\"><\/div>\n<p id=\"pvc_stats_33\" class=\"pvc_stats all  \" data-element-id=\"33\" style=\"\"><i class=\"pvc-stats-icon medium\" aria-hidden=\"true\"><svg aria-hidden=\"true\" focusable=\"false\" data-prefix=\"far\" data-icon=\"chart-bar\" role=\"img\" xmlns=\"http:\/\/www.w3.org\/2000\/svg\" viewBox=\"0 0 512 512\" class=\"svg-inline--fa fa-chart-bar fa-w-16 fa-2x\"><path fill=\"currentColor\" d=\"M396.8 352h22.4c6.4 0 12.8-6.4 12.8-12.8V108.8c0-6.4-6.4-12.8-12.8-12.8h-22.4c-6.4 0-12.8 6.4-12.8 12.8v230.4c0 6.4 6.4 12.8 12.8 12.8zm-192 0h22.4c6.4 0 12.8-6.4 12.8-12.8V140.8c0-6.4-6.4-12.8-12.8-12.8h-22.4c-6.4 0-12.8 6.4-12.8 12.8v198.4c0 6.4 6.4 12.8 12.8 12.8zm96 0h22.4c6.4 0 12.8-6.4 12.8-12.8V204.8c0-6.4-6.4-12.8-12.8-12.8h-22.4c-6.4 0-12.8 6.4-12.8 12.8v134.4c0 6.4 6.4 12.8 12.8 12.8zM496 400H48V80c0-8.84-7.16-16-16-16H16C7.16 64 0 71.16 0 80v336c0 17.67 14.33 32 32 32h464c8.84 0 16-7.16 16-16v-16c0-8.84-7.16-16-16-16zm-387.2-48h22.4c6.4 0 12.8-6.4 12.8-12.8v-70.4c0-6.4-6.4-12.8-12.8-12.8h-22.4c-6.4 0-12.8 6.4-12.8 12.8v70.4c0 6.4 6.4 12.8 12.8 12.8z\" class=\"\"><\/path><\/svg><\/i> <img loading=\"lazy\" decoding=\"async\" width=\"16\" height=\"16\" alt=\"Loading\" src=\"https:\/\/dentistrykazakhstan.kz\/wp-content\/plugins\/page-views-count\/ajax-loader-2x.gif\" border=0 \/><\/p>\n<div class=\"pvc_clear\"><\/div>\n","protected":false},"author":1,"featured_media":0,"parent":0,"menu_order":0,"comment_status":"closed","ping_status":"closed","template":"","meta":{"footnotes":""},"class_list":["post-33","page","type-page","status-publish","hentry"],"_links":{"self":[{"href":"https:\/\/dentistrykazakhstan.kz\/en\/wp-json\/wp\/v2\/pages\/33","targetHints":{"allow":["GET"]}}],"collection":[{"href":"https:\/\/dentistrykazakhstan.kz\/en\/wp-json\/wp\/v2\/pages"}],"about":[{"href":"https:\/\/dentistrykazakhstan.kz\/en\/wp-json\/wp\/v2\/types\/page"}],"author":[{"embeddable":true,"href":"https:\/\/dentistrykazakhstan.kz\/en\/wp-json\/wp\/v2\/users\/1"}],"replies":[{"embeddable":true,"href":"https:\/\/dentistrykazakhstan.kz\/en\/wp-json\/wp\/v2\/comments?post=33"}],"version-history":[{"count":12,"href":"https:\/\/dentistrykazakhstan.kz\/en\/wp-json\/wp\/v2\/pages\/33\/revisions"}],"predecessor-version":[{"id":524,"href":"https:\/\/dentistrykazakhstan.kz\/en\/wp-json\/wp\/v2\/pages\/33\/revisions\/524"}],"wp:attachment":[{"href":"https:\/\/dentistrykazakhstan.kz\/en\/wp-json\/wp\/v2\/media?parent=33"}],"curies":[{"name":"wp","href":"https:\/\/api.w.org\/{rel}","templated":true}]}}